{"id":35,"date":"2024-07-21T10:56:15","date_gmt":"2024-07-21T10:56:15","guid":{"rendered":"https:\/\/sbsport.es\/?page_id=35"},"modified":"2024-09-09T16:22:45","modified_gmt":"2024-09-09T16:22:45","slug":"colibri-wp","status":"publish","type":"page","link":"https:\/\/sbsport.es\/","title":{"rendered":"Front Page"},"content":{"rendered":"<div data-colibri-id=\"35-c1\" class=\"style-190 style-local-35-c1 position-relative\">\n  <!---->\n  <div data-colibri-component=\"section\" data-colibri-id=\"35-c2\" id=\"overlappable\" class=\"h-section h-section-global-spacing d-flex align-items-lg-center align-items-md-center align-items-center style-191 style-local-35-c2 position-relative\">\n    <!---->\n    <!---->\n    <div class=\"h-section-grid-container h-section-boxed-container\">\n      <!---->\n      <div data-colibri-id=\"35-c3\" class=\"h-row-container gutters-row-lg-0 gutters-row-md-0 gutters-row-2 gutters-row-v-lg-0 gutters-row-v-md-0 gutters-row-v-2 style-192 style-local-35-c3 position-relative\">\n        <!---->\n        <div class=\"h-row justify-content-lg-center justify-content-md-center justify-content-center align-items-lg-stretch align-items-md-stretch align-items-stretch gutters-col-lg-0 gutters-col-md-0 gutters-col-2 gutters-col-v-lg-0 gutters-col-v-md-0 gutters-col-v-2\">\n          <!---->\n          <div class=\"h-column h-column-container d-flex h-col-lg-4 h-col-md-4 h-col-12 style-193-outer style-local-35-c4-outer\">\n            <div data-colibri-id=\"35-c4\" class=\"d-flex h-flex-basis h-column__inner h-px-lg-3 h-px-md-3 h-px-2 v-inner-lg-3 v-inner-md-3 v-inner-2 style-193 style-local-35-c4 position-relative\">\n              <!---->\n              <!---->\n              <div class=\"w-100 h-y-container h-column__content h-column__v-align flex-basis-100 align-self-lg-center align-self-md-center align-self-center\">\n                <!---->\n                <div data-colibri-id=\"35-c5\" class=\"h-icon style-194 style-local-35-c5 position-relative h-element\">\n                  <!----><span class=\"h-svg-icon h-icon__icon style-194-icon style-local-35-c5-icon\"><!--Icon by Icons8 Line Awesome (https:\/\/icons8.com\/line-awesome)--><svg version=\"1.1\" xmlns=\"http:\/\/www.w3.org\/2000\/svg\" xmlns:xlink=\"http:\/\/www.w3.org\/1999\/xlink\" id=\"lightbulb-o\" viewBox=\"0 0 512 545.5\"><path d=\"M109 70.5l33.5 33.5-22.5 22.5L86.5 93zm294 0L425.5 93 392 126.5 369.5 104zm-147 10c78.95-.75 144 64.436 144 143.5 0 43.29-19.986 80.986-46.5 107.5-19.81 18.394-32 42.033-32 65.5v19H320v64h-36.5c-5.553 9.55-15.715 16-27.5 16s-21.947-6.45-27.5-16H192v-96c-3.24-17.87-12.705-35.39-28-48.5-35.727-30.368-57.17-77.527-50-129.5 8.977-64.628 60.63-117.062 125.5-124.5.174-.02.326.02.5 0 5.37-.652 10.736-.95 16-1zm0 32c-4.122.06-8.285.473-12.5 1-50.102 5.566-91 46.09-98 96.5-5.63 40.827 11.227 76.97 39.5 101 22.21 19.038 33.99 45.573 37.5 73h70c3.768-28.672 17.507-54.937 39-75l-.5-.5c21.486-21.486 37-50.99 37-84.5 0-61.776-50.164-112.378-112-111.5zM32 224h48v32H32v-32zm400 0h48v32h-48v-32zM120 353.5l22.5 22.5-33.5 33.5L86.5 387zm272 0l33.5 33.5-22.5 22.5-33.5-33.5zM224 416v32h64v-32h-64z\"><\/path><\/svg><\/span><\/div>\n                <div\n                  data-colibri-id=\"35-c6\" class=\"h-global-transition-all h-heading style-195 style-local-35-c6 position-relative h-element\">\n                  <!---->\n                  <div class=\"h-heading__outer style-195 style-local-35-c6\">\n                    <!---->\n                    <!---->\n                    <h5 class=\"\">INNOVACI\u00d3N<\/h5>\n                  <\/div>\n              <\/div>\n              <div data-colibri-id=\"35-c7\" class=\"h-text h-text-component style-196 style-local-35-c7 position-relative h-element\">\n                <!---->\n                <!---->\n                <div class=\"\">\n                  <p><span style=\"font-weight: 400; font-size: 16px; font-family: S\u00f6hne, ui-sans-serif, system-ui, -apple-system, &quot;Segoe UI&quot;, Roboto, Ubuntu, Cantarell, &quot;Noto Sans&quot;, sans-serif, &quot;Helvetica Neue&quot;, Arial, &quot;Apple Color Emoji&quot;, &quot;Segoe UI Emoji&quot;, &quot;Segoe UI Symbol&quot;, &quot;Noto Color Emoji&quot;; color: rgb(13, 13, 13);\">Impulsamos el futuro de la comunicaci\u00f3n con tecnolog\u00eda de vanguardia, asegurando soluciones innovadoras en el mundo del Audiovisual, entre otras, en Espa\u00f1a e Iberoam\u00e9rica.<\/span>\n                    <br>\n                    <br>\n                  <\/p>\n                <\/div>\n              <\/div>\n            <\/div>\n          <\/div>\n        <\/div>\n        <div class=\"h-column h-column-container d-flex h-col-lg-4 h-col-md-4 h-col-12 style-193-outer style-local-35-c8-outer\">\n          <div data-colibri-id=\"35-c8\" class=\"d-flex h-flex-basis h-column__inner h-px-lg-3 h-px-md-3 h-px-2 v-inner-lg-3 v-inner-md-3 v-inner-2 style-193 style-local-35-c8 position-relative\">\n            <!---->\n            <!---->\n            <div class=\"w-100 h-y-container h-column__content h-column__v-align flex-basis-100 align-self-lg-center align-self-md-center align-self-center\">\n              <!---->\n              <div data-colibri-id=\"35-c9\" class=\"h-icon style-194 style-local-35-c9 position-relative h-element\">\n                <!----><span class=\"h-svg-icon h-icon__icon style-194-icon style-local-35-c9-icon\"><!--Icon by Font Awesome (https:\/\/fontawesome.com)-->\n    <svg version=\"1.1\" xmlns=\"http:\/\/www.w3.org\/2000\/svg\" xmlns:xlink=\"http:\/\/www.w3.org\/1999\/xlink\" id=\"users\" viewBox=\"0 0 1920 1896.0833\">\n      <path d=\"M593 896q-162 5-265 128H194q-82 0-138-40.5T0 865q0-353 124-353 6 0 43.5 21t97.5 42.5T384 597q67 0 133-23-5 37-5 66 0 139 81 256zm1071 637q0 120-73 189.5t-194 69.5H523q-121 0-194-69.5T256 1533q0-53 3.5-103.5t14-109T300 1212t43-97.5 62-81 85.5-53.5T602 960q10 0 43 21.5t73 48 107 48 135 21.5 135-21.5 107-48 73-48 43-21.5q61 0 111.5 20t85.5 53.5 62 81 43 97.5 26.5 108.5 14 109 3.5 103.5zM640 256q0 106-75 181t-181 75-181-75-75-181 75-181T384 0t181 75 75 181zm704 384q0 159-112.5 271.5T960 1024 688.5 911.5 576 640t112.5-271.5T960 256t271.5 112.5T1344 640zm576 225q0 78-56 118.5t-138 40.5h-134q-103-123-265-128 81-117 81-256 0-29-5-66 66 23 133 23 59 0 119-21.5t97.5-42.5 43.5-21q124 0 124 353zm-128-609q0 106-75 181t-181 75-181-75-75-181 75-181 181-75 181 75 75 181z\"><\/path>\n    <\/svg><\/span><\/div>\n              <div data-colibri-id=\"35-c10\" class=\"h-global-transition-all h-heading style-195 style-local-35-c10 position-relative h-element\">\n                <!---->\n                <div class=\"h-heading__outer style-195 style-local-35-c10\">\n                  <!---->\n                  <!---->\n                  <h5 class=\"\">COMPROMISO<\/h5>\n                <\/div>\n              <\/div>\n              <div data-colibri-id=\"35-c11\" class=\"h-text h-text-component style-196 style-local-35-c11 position-relative h-element\">\n                <!---->\n                <!---->\n                <div class=\"\">\n                  <p><span style=\"color: rgb(13, 13, 13); font-family: S\u00f6hne, ui-sans-serif, system-ui, -apple-system, &quot;Segoe UI&quot;, Roboto, Ubuntu, Cantarell, &quot;Noto Sans&quot;, sans-serif, &quot;Helvetica Neue&quot;, Arial, &quot;Apple Color Emoji&quot;, &quot;Segoe UI Emoji&quot;, &quot;Segoe UI Symbol&quot;, &quot;Noto Color Emoji&quot;; font-size: 16px; font-weight: 400;\">Nuestro compromiso est\u00e1 con nuestros clientes y su m\u00e1xima expresi\u00f3n radica en construir una red de clientes haciendo llegar la informaci\u00f3n deportiva a todos los lugares que nos encargan, sin excepci\u00f3n.<\/span><\/p>\n                <\/div>\n              <\/div>\n            <\/div>\n          <\/div>\n        <\/div>\n        <div class=\"h-column h-column-container d-flex h-col-lg-4 h-col-md-4 h-col-12 style-197-outer style-local-35-c12-outer\">\n          <div data-colibri-id=\"35-c12\" class=\"d-flex h-flex-basis h-column__inner h-px-lg-3 h-px-md-3 h-px-2 v-inner-lg-3 v-inner-md-3 v-inner-2 style-197 style-local-35-c12 position-relative\">\n            <!---->\n            <!---->\n            <div class=\"w-100 h-y-container h-column__content h-column__v-align flex-basis-100 align-self-lg-center align-self-md-center align-self-center\">\n              <!---->\n              <div data-colibri-id=\"35-c13\" class=\"h-icon style-194 style-local-35-c13 position-relative h-element\">\n                <!----><span class=\"h-svg-icon h-icon__icon style-194-icon style-local-35-c13-icon\"><!--Icon by Font Awesome (https:\/\/fontawesome.com)-->\n    <svg version=\"1.1\" xmlns=\"http:\/\/www.w3.org\/2000\/svg\" xmlns:xlink=\"http:\/\/www.w3.org\/1999\/xlink\" id=\"trophy\" viewBox=\"0 0 1664 1896.0833\">\n      <path d=\"M458 883q-74-162-74-371H128v96q0 78 94.5 162T458 883zm1078-275v-96h-256q0 209-74 371 141-29 235.5-113t94.5-162zm128-128v128q0 71-41.5 143t-112 130-173 97.5T1122 1023q-42 54-95 95-38 34-52.5 72.5T960 1280q0 54 30.5 91t97.5 37q75 0 133.5 45.5T1280 1568v64q0 14-9 23t-23 9H416q-14 0-23-9t-9-23v-64q0-69 58.5-114.5T576 1408q67 0 97.5-37t30.5-91q0-51-14.5-89.5T637 1118q-53-41-95-95-113-5-215.5-44.5t-173-97.5-112-130T0 608V480q0-40 28-68t68-28h288v-96q0-66 47-113t113-47h576q66 0 113 47t47 113v96h288q40 0 68 28t28 68z\"><\/path>\n    <\/svg><\/span><\/div>\n              <div data-colibri-id=\"35-c14\" class=\"h-global-transition-all h-heading style-195 style-local-35-c14 position-relative h-element\">\n                <!---->\n                <div class=\"h-heading__outer style-195 style-local-35-c14\">\n                  <!---->\n                  <!---->\n                  <h5 class=\"\">EXCELENCIA<\/h5>\n                <\/div>\n              <\/div>\n              <div data-colibri-id=\"35-c15\" class=\"h-text h-text-component style-196 style-local-35-c15 position-relative h-element\">\n                <!---->\n                <!---->\n                <div class=\"\">\n                  <p><span style=\"font-weight: 400; font-size: 16px; font-family: S\u00f6hne, ui-sans-serif, system-ui, -apple-system, &quot;Segoe UI&quot;, Roboto, Ubuntu, Cantarell, &quot;Noto Sans&quot;, sans-serif, &quot;Helvetica Neue&quot;, Arial, &quot;Apple Color Emoji&quot;, &quot;Segoe UI Emoji&quot;, &quot;Segoe UI Symbol&quot;, &quot;Noto Color Emoji&quot;; color: rgb(13, 13, 13);\">\u00abstriving for Excellence\u201d, ofrecemos servicios audiovisuales deportivos sin parang\u00f3n, estableciendo nuevos est\u00e1ndares de calidad y servicio en el sector audiovisual dentro de las categor\u00edas deportivas amateur.<\/span><\/p>\n                <\/div>\n              <\/div>\n            <\/div>\n          <\/div>\n        <\/div>\n      <\/div>\n    <\/div>\n  <\/div>\n<\/div>\n<\/div>","protected":false},"excerpt":{"rendered":"<p>INNOVACI\u00d3N Impulsamos el futuro de la comunicaci\u00f3n con tecnolog\u00eda de vanguardia, asegurando soluciones innovadoras en el mundo del Audiovisual, entre otras, en Espa\u00f1a e Iberoam\u00e9rica. COMPROMISO Nuestro compromiso est\u00e1 con nuestros clientes y su m\u00e1xima expresi\u00f3n radica en construir una red de clientes haciendo llegar la informaci\u00f3n deportiva a todos los lugares que nos encargan, [&hellip;]<\/p>\n","protected":false},"author":1,"featured_media":0,"parent":0,"menu_order":0,"comment_status":"closed","ping_status":"closed","template":"page-templates\/homepage.php","meta":{"footnotes":""},"class_list":["post-35","page","type-page","status-publish","hentry"],"_links":{"self":[{"href":"https:\/\/sbsport.es\/index.php?rest_route=\/wp\/v2\/pages\/35","targetHints":{"allow":["GET"]}}],"collection":[{"href":"https:\/\/sbsport.es\/index.php?rest_route=\/wp\/v2\/pages"}],"about":[{"href":"https:\/\/sbsport.es\/index.php?rest_route=\/wp\/v2\/types\/page"}],"author":[{"embeddable":true,"href":"https:\/\/sbsport.es\/index.php?rest_route=\/wp\/v2\/users\/1"}],"replies":[{"embeddable":true,"href":"https:\/\/sbsport.es\/index.php?rest_route=%2Fwp%2Fv2%2Fcomments&post=35"}],"version-history":[{"count":20,"href":"https:\/\/sbsport.es\/index.php?rest_route=\/wp\/v2\/pages\/35\/revisions"}],"predecessor-version":[{"id":378,"href":"https:\/\/sbsport.es\/index.php?rest_route=\/wp\/v2\/pages\/35\/revisions\/378"}],"wp:attachment":[{"href":"https:\/\/sbsport.es\/index.php?rest_route=%2Fwp%2Fv2%2Fmedia&parent=35"}],"curies":[{"name":"wp","href":"https:\/\/api.w.org\/{rel}","templated":true}]}}