{"id":44,"date":"2024-07-21T11:51:30","date_gmt":"2024-07-21T11:51:30","guid":{"rendered":"https:\/\/sbsport.es\/?page_id=44"},"modified":"2024-07-24T10:38:37","modified_gmt":"2024-07-24T10:38:37","slug":"quienes-somos","status":"publish","type":"page","link":"https:\/\/sbsport.es\/?page_id=44","title":{"rendered":"QUIENES SOMOS"},"content":{"rendered":"<div data-colibri-id=\"44-c1\" class=\"style-355 style-local-44-c1 position-relative\">\n  <!---->\n  <div data-colibri-component=\"section\" data-colibri-id=\"44-c2\" id=\"about\" class=\"h-section h-section-global-spacing d-flex align-items-lg-center align-items-md-center align-items-center style-356 style-local-44-c2 position-relative\">\n    <!---->\n    <!---->\n    <div class=\"h-section-grid-container h-section-boxed-container\">\n      <!---->\n      <div data-colibri-id=\"44-c3\" class=\"h-row-container gutters-row-lg-0 gutters-row-md-0 gutters-row-0 gutters-row-v-lg-0 gutters-row-v-md-0 gutters-row-v-0 style-357 style-local-44-c3 position-relative\">\n        <!---->\n        <div class=\"h-row justify-content-lg-center justify-content-md-center justify-content-center align-items-lg-stretch align-items-md-stretch align-items-stretch gutters-col-lg-0 gutters-col-md-0 gutters-col-0 gutters-col-v-lg-0 gutters-col-v-md-0 gutters-col-v-0\">\n          <!---->\n          <div class=\"h-column h-column-container d-flex h-col-lg-auto h-col-md-auto h-col-auto style-358-outer style-local-44-c4-outer\">\n            <div data-colibri-id=\"44-c4\" class=\"d-flex h-flex-basis h-column__inner h-px-lg-0 h-px-md-0 h-px-0 v-inner-lg-0 v-inner-md-0 v-inner-0 style-358 style-local-44-c4 position-relative\">\n              <!---->\n              <!---->\n              <div class=\"w-100 h-y-container h-column__content h-column__v-align flex-basis-100 align-self-lg-start align-self-md-start align-self-start\">\n                <!---->\n                <div data-colibri-id=\"44-c6\" class=\"h-text h-text-component style-361 style-local-44-c6 position-relative h-element\">\n                  <!---->\n                  <!---->\n                  <div class=\"\">\n                    <p>SBS es una empresa dedicada al dise\u00f1o, implementaci\u00f3n y mantenimiento de soluciones tecnol\u00f3gicas innovadoras para empresas y organizaciones de todo tipo, relacionadas con el mundo Audiovisual.<\/p>\n                    <p>En SBS, estamos revolucionando la manera en que los clubes y ayuntamientos transmiten sus partidos y competiciones de categor\u00edas amateur. <\/p>\n                    <p>Aunque somos una empresa de reciente creaci\u00f3n, nuestros fundadores cuentan con m\u00e1s de 20 a\u00f1os de experiencia en el mundo de la tecnolog\u00eda, esta vasta experiencia nos permite ofrecer soluciones innovadoras y eficaces que destacan en\n                      el mercado.<\/p>\n                  <\/div>\n                <\/div>\n              <\/div>\n            <\/div>\n          <\/div>\n          <div class=\"h-column h-column-container d-flex h-col-lg-auto h-col-md-auto h-col-auto style-362-outer style-local-44-c7-outer\">\n            <div data-colibri-id=\"44-c7\" class=\"d-flex h-flex-basis h-column__inner h-ui-empty-state-container h-px-lg-2 h-px-md-2 h-px-2 v-inner-lg-2 v-inner-md-2 v-inner-2 style-362 style-local-44-c7 position-relative\">\n              <!---->\n              <!---->\n              <div class=\"w-100 h-y-container h-column__content h-column__v-align flex-basis-100\">\n                <!---->\n              <\/div>\n            <\/div>\n          <\/div>\n        <\/div>\n      <\/div>\n    <\/div>\n  <\/div>\n<\/div>","protected":false},"excerpt":{"rendered":"<p>SBS es una empresa dedicada al dise\u00f1o, implementaci\u00f3n y mantenimiento de soluciones tecnol\u00f3gicas innovadoras para empresas y organizaciones de todo tipo, relacionadas con el mundo Audiovisual. En SBS, estamos revolucionando la manera en que los clubes y ayuntamientos transmiten sus partidos y competiciones de categor\u00edas amateur. Aunque somos una empresa de reciente creaci\u00f3n, nuestros fundadores [&hellip;]<\/p>\n","protected":false},"author":1,"featured_media":0,"parent":0,"menu_order":0,"comment_status":"closed","ping_status":"closed","template":"page-templates\/full-width-page.php","meta":{"footnotes":""},"class_list":["post-44","page","type-page","status-publish","hentry"],"_links":{"self":[{"href":"https:\/\/sbsport.es\/index.php?rest_route=\/wp\/v2\/pages\/44","targetHints":{"allow":["GET"]}}],"collection":[{"href":"https:\/\/sbsport.es\/index.php?rest_route=\/wp\/v2\/pages"}],"about":[{"href":"https:\/\/sbsport.es\/index.php?rest_route=\/wp\/v2\/types\/page"}],"author":[{"embeddable":true,"href":"https:\/\/sbsport.es\/index.php?rest_route=\/wp\/v2\/users\/1"}],"replies":[{"embeddable":true,"href":"https:\/\/sbsport.es\/index.php?rest_route=%2Fwp%2Fv2%2Fcomments&post=44"}],"version-history":[{"count":3,"href":"https:\/\/sbsport.es\/index.php?rest_route=\/wp\/v2\/pages\/44\/revisions"}],"predecessor-version":[{"id":320,"href":"https:\/\/sbsport.es\/index.php?rest_route=\/wp\/v2\/pages\/44\/revisions\/320"}],"wp:attachment":[{"href":"https:\/\/sbsport.es\/index.php?rest_route=%2Fwp%2Fv2%2Fmedia&parent=44"}],"curies":[{"name":"wp","href":"https:\/\/api.w.org\/{rel}","templated":true}]}}