{"id":46,"date":"2024-07-21T11:51:30","date_gmt":"2024-07-21T11:51:30","guid":{"rendered":"https:\/\/sbsport.es\/?page_id=46"},"modified":"2024-07-22T17:30:23","modified_gmt":"2024-07-22T17:30:23","slug":"servicio-a-club","status":"publish","type":"page","link":"https:\/\/sbsport.es\/?page_id=46","title":{"rendered":"SERVICIOS A CLUBES"},"content":{"rendered":"<div data-colibri-id=\"46-c1\" class=\"style-371 style-local-46-c1 position-relative\">\r\n  <!---->\r\n  <div data-colibri-component=\"section\" data-colibri-id=\"46-c2\" id=\"about\" class=\"h-section h-section-global-spacing d-flex align-items-lg-center align-items-md-center align-items-center style-372 style-local-46-c2 position-relative\">\r\n    <!---->\r\n    <!---->\r\n    <div class=\"h-section-grid-container h-section-boxed-container\">\r\n      <!---->\r\n      <div data-colibri-id=\"46-c3\" class=\"h-row-container gutters-row-lg-0 gutters-row-md-0 gutters-row-0 gutters-row-v-lg-0 gutters-row-v-md-0 gutters-row-v-0 style-373 style-local-46-c3 position-relative\">\r\n        <!---->\r\n        <div class=\"h-row justify-content-lg-center justify-content-md-center justify-content-center align-items-lg-stretch align-items-md-stretch align-items-stretch gutters-col-lg-0 gutters-col-md-0 gutters-col-0 gutters-col-v-lg-0 gutters-col-v-md-0 gutters-col-v-0\">\r\n          <!---->\r\n          <div class=\"h-column h-column-container d-flex h-col-lg-auto h-col-md-auto h-col-auto style-374-outer style-local-46-c4-outer\">\r\n            <div data-colibri-id=\"46-c4\" class=\"d-flex h-flex-basis h-column__inner h-px-lg-0 h-px-md-0 h-px-0 v-inner-lg-0 v-inner-md-0 v-inner-0 style-374 style-local-46-c4 position-relative\">\r\n              <!---->\r\n              <!---->\r\n              <div class=\"w-100 h-y-container h-column__content h-column__v-align flex-basis-100 align-self-lg-start align-self-md-start align-self-start\">\r\n                <!---->\r\n                <div data-colibri-id=\"46-c7\" class=\"h-text h-text-component style-377 style-local-46-c7 position-relative h-element\">\r\n                  <!---->\r\n                  <!---->\r\n                  <div class=\"\">\r\n                    <p>En SBS, entendemos las necesidades \u00fanicas, tanto de los clubes deportivos amateur como de los profesionales, y ofrecemos soluciones adaptadas para maximizar sus potenciales y visibilidad. Nuestros servicios est\u00e1n dise\u00f1ados para proporcionar\r\n                      una experiencia de transmisi\u00f3n de alta calidad, permitiendo que los clubes se enfoquen en lo que mejor hacen: el deporte.<\/p>\r\n                    <p>Servicios de Transmisi\u00f3n<\/p>\r\n                    <p>&#8211; Transmisi\u00f3n en Vivo y Bajo Demanda: Transmite partidos en tiempo real o permite a los&nbsp; espectadores ver las repeticiones en cualquier momento y desde al televisi\u00f3n de su hogar, smartphone, tables u ordenador, es decir, cualquier\r\n                      dispositivo.<\/p>\r\n                    <p>&#8211; Cobertura Multic\u00e1mara: Utilizamos un sistema multic\u00e1mara controlado por Inteligencia Artificial para capturar cada \u00e1ngulo del juego, garantizando una experiencia visual inmersiva.<\/p>\r\n                    <p>&#8211; Locuci\u00f3n en Tiempo Real:&nbsp; Proporcionamos a los espectadores una retrasmisi\u00f3n totalmente profesional, agreg\u00e1ndole una locuci\u00f3n con: estad\u00edsticas, visi\u00f3n de juego, etc.. Con estos datos&nbsp; podr\u00e1 mejorar el rendimiento y la\r\n                      estrategia del equipo.<\/p>\r\n                    <p>Servicios de Producci\u00f3n:&nbsp;<\/p>\r\n                    <p>&#8211; Grabaci\u00f3n y Pre-Realizaci\u00f3n Autom\u00e1tica: Nuestro sistema de IA se encarga de la grabaci\u00f3n y pre-realizaci\u00f3n del evento, optimizando recursos y reduciendo costos.<\/p>\r\n                    <p>&#8211; Edici\u00f3n y Destacados: Ofrecemos servicios de edici\u00f3n de video y creaci\u00f3n de res\u00famenes destacados para compartir en redes sociales y plataformas digitales.<\/p>\r\n                    <p>Soluciones Personalizadas:<\/p>\r\n                    <p>&#8211; Portales Personalizados para Clubes: Creamos portales en l\u00ednea espec\u00edficos para cada club, donde los fans pueden acceder a contenido exclusivo, estad\u00edsticas y noticias.<\/p>\r\n                    <p>&#8211; Monetizaci\u00f3n de Contenido: Ayudamos a los clubes a generar ingresos a trav\u00e9s de sus transmisiones mediante suscripciones, publicidad y patrocinios.<\/p>\r\n                  <\/div>\r\n                <\/div>\r\n              <\/div>\r\n            <\/div>\r\n          <\/div>\r\n          <div class=\"h-column h-column-container d-flex h-col-lg-auto h-col-md-auto h-col-auto style-378-outer style-local-46-c8-outer\">\r\n            <div data-colibri-id=\"46-c8\" class=\"d-flex h-flex-basis h-column__inner h-ui-empty-state-container h-px-lg-2 h-px-md-2 h-px-2 v-inner-lg-2 v-inner-md-2 v-inner-2 style-378 style-local-46-c8 position-relative\">\r\n              <!---->\r\n              <!---->\r\n              <div class=\"w-100 h-y-container h-column__content h-column__v-align flex-basis-100\">\r\n                <!---->\r\n              <\/div>\r\n            <\/div>\r\n          <\/div>\r\n        <\/div>\r\n      <\/div>\r\n    <\/div>\r\n  <\/div>\r\n<\/div>","protected":false},"excerpt":{"rendered":"<p>En SBS, entendemos las necesidades \u00fanicas, tanto de los clubes deportivos amateur como de los profesionales, y ofrecemos soluciones adaptadas para maximizar sus potenciales y visibilidad. Nuestros servicios est\u00e1n dise\u00f1ados para proporcionar una experiencia de transmisi\u00f3n de alta calidad, permitiendo que los clubes se enfoquen en lo que mejor hacen: el deporte. Servicios de Transmisi\u00f3n [&hellip;]<\/p>\n","protected":false},"author":1,"featured_media":0,"parent":0,"menu_order":0,"comment_status":"closed","ping_status":"closed","template":"page-templates\/full-width-page.php","meta":{"footnotes":""},"class_list":["post-46","page","type-page","status-publish","hentry"],"_links":{"self":[{"href":"https:\/\/sbsport.es\/index.php?rest_route=\/wp\/v2\/pages\/46","targetHints":{"allow":["GET"]}}],"collection":[{"href":"https:\/\/sbsport.es\/index.php?rest_route=\/wp\/v2\/pages"}],"about":[{"href":"https:\/\/sbsport.es\/index.php?rest_route=\/wp\/v2\/types\/page"}],"author":[{"embeddable":true,"href":"https:\/\/sbsport.es\/index.php?rest_route=\/wp\/v2\/users\/1"}],"replies":[{"embeddable":true,"href":"https:\/\/sbsport.es\/index.php?rest_route=%2Fwp%2Fv2%2Fcomments&post=46"}],"version-history":[{"count":3,"href":"https:\/\/sbsport.es\/index.php?rest_route=\/wp\/v2\/pages\/46\/revisions"}],"predecessor-version":[{"id":260,"href":"https:\/\/sbsport.es\/index.php?rest_route=\/wp\/v2\/pages\/46\/revisions\/260"}],"wp:attachment":[{"href":"https:\/\/sbsport.es\/index.php?rest_route=%2Fwp%2Fv2%2Fmedia&parent=46"}],"curies":[{"name":"wp","href":"https:\/\/api.w.org\/{rel}","templated":true}]}}