{"id":47,"date":"2024-07-21T11:51:30","date_gmt":"2024-07-21T11:51:30","guid":{"rendered":"https:\/\/sbsport.es\/?page_id=47"},"modified":"2024-07-22T17:30:01","modified_gmt":"2024-07-22T17:30:01","slug":"servicio-a-ayuntamientos","status":"publish","type":"page","link":"https:\/\/sbsport.es\/?page_id=47","title":{"rendered":"SERVICIOS A AYUNTAMIENTOS"},"content":{"rendered":"<div data-colibri-id=\"47-c1\" class=\"style-379 style-local-47-c1 position-relative\">\r\n  <!---->\r\n  <div data-colibri-component=\"section\" data-colibri-id=\"47-c2\" id=\"about\" class=\"h-section h-section-global-spacing d-flex align-items-lg-center align-items-md-center align-items-center style-380 style-local-47-c2 position-relative\">\r\n    <!---->\r\n    <!---->\r\n    <div class=\"h-section-grid-container h-section-boxed-container\">\r\n      <!---->\r\n      <div data-colibri-id=\"47-c3\" class=\"h-row-container gutters-row-lg-0 gutters-row-md-0 gutters-row-0 gutters-row-v-lg-0 gutters-row-v-md-0 gutters-row-v-0 style-381 style-local-47-c3 position-relative\">\r\n        <!---->\r\n        <div class=\"h-row justify-content-lg-center justify-content-md-center justify-content-center align-items-lg-stretch align-items-md-stretch align-items-stretch gutters-col-lg-0 gutters-col-md-0 gutters-col-0 gutters-col-v-lg-0 gutters-col-v-md-0 gutters-col-v-0\">\r\n          <!---->\r\n          <div class=\"h-column h-column-container d-flex h-col-lg-auto h-col-md-auto h-col-auto style-382-outer style-local-47-c4-outer\">\r\n            <div data-colibri-id=\"47-c4\" class=\"d-flex h-flex-basis h-column__inner h-ui-empty-state-container h-px-lg-0 h-px-md-0 h-px-0 v-inner-lg-0 v-inner-md-0 v-inner-0 style-382 style-local-47-c4 position-relative\">\r\n              <!---->\r\n              <!---->\r\n              <div class=\"w-100 h-y-container h-column__content h-column__v-align flex-basis-100\">\r\n                <!---->\r\n              <\/div>\r\n            <\/div>\r\n          <\/div>\r\n          <div class=\"h-column h-column-container d-flex h-col-lg-auto h-col-md-auto h-col-auto style-383-outer style-local-47-c5-outer\">\r\n            <div data-colibri-id=\"47-c5\" class=\"d-flex h-flex-basis h-column__inner h-px-lg-2 h-px-md-2 h-px-2 v-inner-lg-2 v-inner-md-2 v-inner-2 style-383 style-local-47-c5 position-relative\">\r\n              <!---->\r\n              <!---->\r\n              <div class=\"w-100 h-y-container h-column__content h-column__v-align flex-basis-100 align-self-lg-start align-self-md-start align-self-start\">\r\n                <!---->\r\n                <div data-colibri-id=\"47-c6\" class=\"h-text h-text-component style-386 style-local-47-c6 position-relative h-element\">\r\n                  <!---->\r\n                  <!---->\r\n                  <div class=\"\">\r\n                    <p>Los ayuntamientos juegan un papel crucial en el fomento del deporte local y el apoyo a las comunidades. En STREAMING BASE SPORT, ofrecemos servicios dise\u00f1ados para ayudar a los ayuntamientos a promover y gestionar eventos deportivos\r\n                      de manera eficiente y profesional.<\/p>\r\n                    <p>Servicios de Gesti\u00f3n y Transmisi\u00f3n<\/p>\r\n                    <p>&#8211; Plataforma Centralizada de Transmisi\u00f3n: Proporcionamos una plataforma centralizada donde los ayuntamientos pueden gestionar y transmitir m\u00faltiples eventos deportivos de diferentes disciplinas.<\/p>\r\n                    <p>&#8211; Cobertura Integral de Eventos: Nos encargamos de la grabaci\u00f3n, transmisi\u00f3n y difusi\u00f3n de eventos deportivos municipales, asegurando una cobertura profesional y de alta calidad.<\/p>\r\n                    <p>&nbsp;Servicios de Promoci\u00f3n y Participaci\u00f3n<\/p>\r\n                    <p>&#8211; Promoci\u00f3n de Eventos: Ayudamos a los ayuntamientos a promover eventos deportivos a trav\u00e9s de campa\u00f1as digitales, redes sociales y publicidad local.<\/p>\r\n                    <p>&#8211; Participaci\u00f3n Comunitaria: Fomentamos la participaci\u00f3n de la comunidad mediante la transmisi\u00f3n de eventos en vivo, haciendo que sea accesible para todos los ciudadanos, sobre todo a personas impedidas y mayores. De esta forma fomentamos\r\n                      la inclusi\u00f3n de todos.<\/p>\r\n                    <p>Soluciones Personalizadas<\/p>\r\n                    <p>&#8211; Portales Municipales de Deportes: Desarrollamos portales en l\u00ednea personalizados para que los ayuntamientos puedan compartir calendarios de eventos, noticias y resultados con la comunidad.<\/p>\r\n                    <p>&#8211; Monetizaci\u00f3n y Patrocinios: Asesoramos a los ayuntamientos en la monetizaci\u00f3n de transmisiones deportivas y la obtenci\u00f3n de patrocinios para eventos, generando ingresos adicionales que pueden reinvertirse en el deporte local.<\/p>\r\n                    <p>En STREAMING BASE SPORT, estamos comprometidos a apoyar tanto a los clubes como a los ayuntamientos en su misi\u00f3n de promover el deporte y crear experiencias inolvidables para jugadores, entrenadores y aficionados. <\/p>\r\n                    <p>\u00a1Trabajemos juntos para llevar el deporte amateur al siguiente nivel!<\/p>\r\n                  <\/div>\r\n                <\/div>\r\n              <\/div>\r\n            <\/div>\r\n          <\/div>\r\n        <\/div>\r\n      <\/div>\r\n    <\/div>\r\n  <\/div>\r\n<\/div>","protected":false},"excerpt":{"rendered":"<p>Los ayuntamientos juegan un papel crucial en el fomento del deporte local y el apoyo a las comunidades. En STREAMING BASE SPORT, ofrecemos servicios dise\u00f1ados para ayudar a los ayuntamientos a promover y gestionar eventos deportivos de manera eficiente y profesional. Servicios de Gesti\u00f3n y Transmisi\u00f3n &#8211; Plataforma Centralizada de Transmisi\u00f3n: Proporcionamos una plataforma centralizada [&hellip;]<\/p>\n","protected":false},"author":1,"featured_media":0,"parent":0,"menu_order":0,"comment_status":"closed","ping_status":"closed","template":"page-templates\/full-width-page.php","meta":{"footnotes":""},"class_list":["post-47","page","type-page","status-publish","hentry"],"_links":{"self":[{"href":"https:\/\/sbsport.es\/index.php?rest_route=\/wp\/v2\/pages\/47","targetHints":{"allow":["GET"]}}],"collection":[{"href":"https:\/\/sbsport.es\/index.php?rest_route=\/wp\/v2\/pages"}],"about":[{"href":"https:\/\/sbsport.es\/index.php?rest_route=\/wp\/v2\/types\/page"}],"author":[{"embeddable":true,"href":"https:\/\/sbsport.es\/index.php?rest_route=\/wp\/v2\/users\/1"}],"replies":[{"embeddable":true,"href":"https:\/\/sbsport.es\/index.php?rest_route=%2Fwp%2Fv2%2Fcomments&post=47"}],"version-history":[{"count":5,"href":"https:\/\/sbsport.es\/index.php?rest_route=\/wp\/v2\/pages\/47\/revisions"}],"predecessor-version":[{"id":259,"href":"https:\/\/sbsport.es\/index.php?rest_route=\/wp\/v2\/pages\/47\/revisions\/259"}],"wp:attachment":[{"href":"https:\/\/sbsport.es\/index.php?rest_route=%2Fwp%2Fv2%2Fmedia&parent=47"}],"curies":[{"name":"wp","href":"https:\/\/api.w.org\/{rel}","templated":true}]}}