{"id":48,"date":"2024-07-21T11:51:30","date_gmt":"2024-07-21T11:51:30","guid":{"rendered":"https:\/\/sbsport.es\/?page_id=48"},"modified":"2024-07-22T17:25:00","modified_gmt":"2024-07-22T17:25:00","slug":"otras-corporaciones","status":"publish","type":"page","link":"https:\/\/sbsport.es\/?page_id=48","title":{"rendered":"OTRAS CORPORACIONES"},"content":{"rendered":"<div data-colibri-id=\"48-c1\" class=\"style-387 style-local-48-c1 position-relative\">\n  <!---->\n  <div data-colibri-component=\"section\" data-colibri-id=\"48-c2\" id=\"content\" class=\"h-section h-section-global-spacing d-flex align-items-lg-center align-items-md-center align-items-center style-388 style-local-48-c2 position-relative\">\n    <!---->\n    <!---->\n    <div class=\"h-section-grid-container h-section-fluid-container\">\n      <!---->\n      <div data-colibri-id=\"48-c25\" class=\"h-row-container gutters-row-lg-2 gutters-row-md-2 gutters-row-0 gutters-row-v-lg-2 gutters-row-v-md-2 gutters-row-v-2 style-402 style-local-48-c25 position-relative\">\n        <!---->\n        <div class=\"h-row justify-content-lg-center justify-content-md-center justify-content-center align-items-lg-stretch align-items-md-stretch align-items-stretch gutters-col-lg-2 gutters-col-md-2 gutters-col-0 gutters-col-v-lg-2 gutters-col-v-md-2 gutters-col-v-2\">\n          <!---->\n          <div class=\"h-column h-column-container d-flex h-col-lg-auto h-col-md-auto h-col-auto style-406-outer style-local-48-c29-outer\">\n            <div data-colibri-id=\"48-c29\" class=\"d-flex h-flex-basis h-column__inner h-px-lg-2 h-px-md-2 h-px-2 v-inner-lg-2 v-inner-md-2 v-inner-2 style-406 style-local-48-c29 position-relative\">\n              <!---->\n              <!---->\n              <div class=\"w-100 h-y-container h-column__content h-column__v-align flex-basis-100 align-self-lg-start align-self-md-start align-self-start\">\n                <!---->\n                <div data-colibri-id=\"48-c27\" class=\"h-text h-text-component style-404 style-local-48-c27 position-relative h-element\">\n                  <!---->\n                  <!---->\n                  <div class=\"\">\n                    <p>En STREAMING BASE SPORT, ofrecemos soluciones especializadas para diversas corporaciones, incluyendo diputaciones provinciales, federaciones deportivas y cadenas de televisi\u00f3n. Nuestro objetivo es proporcionar herramientas avanzadas\n                      y servicios de alta calidad que potencien la difusi\u00f3n y gesti\u00f3n de eventos deportivos, asegurando una cobertura profesional y accesible.<\/p>\n                    <p>Servicios para Diputaciones Provinciales<\/p>\n                    <p>Las diputaciones provinciales desempe\u00f1an un papel esencial en la promoci\u00f3n y desarrollo del deporte a nivel regional. En SBS, brindamos servicios dise\u00f1ados para apoyar estos esfuerzos y maximizar el impacto de las actividades deportivas\n                      Provinciales.<\/p>\n                    <p>&#8211; Plataforma de Transmisi\u00f3n Regional: Ofrecemos una plataforma que permite la gesti\u00f3n y transmisi\u00f3n de eventos deportivos en toda la provincia, asegurando una cobertura completa y accesible.<\/p>\n                    <p>&#8211; Promoci\u00f3n y Difusi\u00f3n de Eventos: Ayudamos a las diputaciones a promover sus eventos deportivos a trav\u00e9s de campa\u00f1as digitales y estrategias de marketing, aumentando la participaci\u00f3n y visibilidad.<\/p>\n                    <p>&#8211; Soluciones Personalizadas: Desarrollamos Plataformas de televisi\u00f3n espec\u00edficos para cada diputaci\u00f3n, donde se puede acceder a calendarios, resultados y noticias deportivas, partidos, etc&#8230;<\/p>\n                  <\/div>\n                <\/div>\n              <\/div>\n            <\/div>\n          <\/div>\n          <div class=\"h-column h-column-container d-flex h-col-lg-auto h-col-md-auto h-col-auto style-414-outer style-local-48-c37-outer\">\n            <div data-colibri-id=\"48-c37\" class=\"d-flex h-flex-basis h-column__inner h-px-lg-2 h-px-md-2 h-px-2 v-inner-lg-2 v-inner-md-2 v-inner-2 style-414 style-local-48-c37 position-relative\">\n              <!---->\n              <!---->\n              <div class=\"w-100 h-y-container h-column__content h-column__v-align flex-basis-100 align-self-lg-start align-self-md-start align-self-start\">\n                <!---->\n                <div data-colibri-id=\"48-c43\" class=\"d-block style-420 style-local-48-c43 position-relative h-element\">\n                  <!---->\n                  <div class=\"h-image__frame-container-outer\">\n                    <div class=\"h-image__frame-container\">\n                      <!---->\n                      <!---->\n                      <img fetchpriority=\"high\" decoding=\"async\" width=\"395\" height=\"408\" src=\"https:\/\/sbsport.es\/wp-content\/uploads\/2024\/07\/cropped-FEDERATIVO-1.png\" class=\"wp-image-243 style-420-image style-local-48-c43-image\" alt=\"\" srcset=\"https:\/\/sbsport.es\/wp-content\/uploads\/2024\/07\/cropped-FEDERATIVO-1.png 395w, https:\/\/sbsport.es\/wp-content\/uploads\/2024\/07\/cropped-FEDERATIVO-1-290x300.png 290w\" sizes=\"(max-width: 395px) 100vw, 395px\" \/>\n                      <div class=\"h-image__frame h-hide-lg h-hide-md h-hide-sm style-420-frameImage style-local-48-c43-frameImage\"><\/div>\n                    <\/div>\n                  <\/div>\n                <\/div>\n                <div data-colibri-id=\"48-c41\" class=\"d-block style-418 style-local-48-c41 position-relative h-element\">\n                  <!---->\n                  <div class=\"h-image__frame-container-outer\">\n                    <div class=\"h-image__frame-container\">\n                      <!---->\n                      <!---->\n                      <img decoding=\"async\" width=\"388\" height=\"408\" src=\"https:\/\/sbsport.es\/wp-content\/uploads\/2024\/07\/cropped-FEDERATIVO.png\" class=\"wp-image-242 style-418-image style-local-48-c41-image\" alt=\"\" srcset=\"https:\/\/sbsport.es\/wp-content\/uploads\/2024\/07\/cropped-FEDERATIVO.png 388w, https:\/\/sbsport.es\/wp-content\/uploads\/2024\/07\/cropped-FEDERATIVO-285x300.png 285w\" sizes=\"(max-width: 388px) 100vw, 388px\" \/>\n                      <div class=\"h-image__frame h-hide-lg h-hide-md h-hide-sm style-418-frameImage style-local-48-c41-frameImage\"><\/div>\n                    <\/div>\n                  <\/div>\n                <\/div>\n              <\/div>\n            <\/div>\n          <\/div>\n          <div class=\"h-column h-column-container d-flex h-col-lg-auto h-col-md-auto h-col-auto style-415-outer style-local-48-c38-outer\">\n            <div data-colibri-id=\"48-c38\" class=\"d-flex h-flex-basis h-column__inner h-px-lg-2 h-px-md-2 h-px-2 v-inner-lg-2 v-inner-md-2 v-inner-2 style-415 style-local-48-c38 position-relative\">\n              <!---->\n              <!---->\n              <div class=\"w-100 h-y-container h-column__content h-column__v-align flex-basis-100 align-self-lg-start align-self-md-start align-self-start\">\n                <!---->\n                <div data-colibri-id=\"48-c39\" class=\"h-text h-text-component style-416 style-local-48-c39 position-relative h-element\">\n                  <!---->\n                  <!---->\n                  <div class=\"\">\n                    <p>Servicios para Federaciones Deportivas<\/p>\n                    <p>Las federaciones deportivas son fundamentales para el crecimiento y desarrollo de diversos deportes. En SBS, entendemos sus necesidades \u00fanicas y ofrecemos servicios dise\u00f1ados para Servicios para Federaciones Deportivas<\/p>\n                    <p>Las federaciones deportivas son fundamentales para el crecimiento y desarrollo de diversos deportes. En SBS, entendemos sus necesidades \u00fanicas y ofrecemos servicios dise\u00f1ados para apoyar su misi\u00f3n.<\/p>\n                    <p>&#8211; Transmisi\u00f3n de Campeonatos y Torneos: Proveemos una plataforma robusta para la transmisi\u00f3n en vivo y bajo demanda de campeonatos y torneos, asegurando una alta calidad y accesibilidad.<\/p>\n                    <p>&#8211; Locuciones en Linea: Ofrecemos Locuciones en l\u00ednea, an\u00e1lisis y estad\u00edsticas en tiempo real, proporcionando informaci\u00f3n valiosa para el televidente, entrenadores, jugadores, etc&#8230;<\/p>\n                    <p>&#8211; Monetizaci\u00f3n de Contenidos: Ayudamos a las federaciones a generar ingresos a trav\u00e9s de sus transmisiones mediante suscripciones, publicidad y patrocinios.<\/p>\n                    <p>En STREMING BASE SPORT, estamos dedicados a proporcionar soluciones innovadoras y de alta calidad que apoyen a diputaciones provinciales, federaciones deportivas y cadenas de televisi\u00f3n en sus objetivos de promover y difundir el deporte.\n                      Colaboramos estrechamente con cada entidad para asegurar que nuestras soluciones satisfagan sus necesidades espec\u00edficas y contribuyan al \u00e9xito de sus eventos deportivos.<\/p>\n                    <p>\u00a1Un\u00e1monos para llevar el deporte a nuevas alturas!<\/p>\n                    <p>\n                      <br>\n                    <\/p>\n                    <p>\n                      <br>\n                    <\/p>\n                  <\/div>\n                <\/div>\n              <\/div>\n            <\/div>\n          <\/div>\n        <\/div>\n      <\/div>\n    <\/div>\n  <\/div>\n<\/div>","protected":false},"excerpt":{"rendered":"<p>En STREAMING BASE SPORT, ofrecemos soluciones especializadas para diversas corporaciones, incluyendo diputaciones provinciales, federaciones deportivas y cadenas de televisi\u00f3n. Nuestro objetivo es proporcionar herramientas avanzadas y servicios de alta calidad que potencien la difusi\u00f3n y gesti\u00f3n de eventos deportivos, asegurando una cobertura profesional y accesible. Servicios para Diputaciones Provinciales Las diputaciones provinciales desempe\u00f1an un papel [&hellip;]<\/p>\n","protected":false},"author":1,"featured_media":0,"parent":0,"menu_order":0,"comment_status":"closed","ping_status":"closed","template":"page-templates\/full-width-page.php","meta":{"footnotes":""},"class_list":["post-48","page","type-page","status-publish","hentry"],"_links":{"self":[{"href":"https:\/\/sbsport.es\/index.php?rest_route=\/wp\/v2\/pages\/48","targetHints":{"allow":["GET"]}}],"collection":[{"href":"https:\/\/sbsport.es\/index.php?rest_route=\/wp\/v2\/pages"}],"about":[{"href":"https:\/\/sbsport.es\/index.php?rest_route=\/wp\/v2\/types\/page"}],"author":[{"embeddable":true,"href":"https:\/\/sbsport.es\/index.php?rest_route=\/wp\/v2\/users\/1"}],"replies":[{"embeddable":true,"href":"https:\/\/sbsport.es\/index.php?rest_route=%2Fwp%2Fv2%2Fcomments&post=48"}],"version-history":[{"count":2,"href":"https:\/\/sbsport.es\/index.php?rest_route=\/wp\/v2\/pages\/48\/revisions"}],"predecessor-version":[{"id":246,"href":"https:\/\/sbsport.es\/index.php?rest_route=\/wp\/v2\/pages\/48\/revisions\/246"}],"wp:attachment":[{"href":"https:\/\/sbsport.es\/index.php?rest_route=%2Fwp%2Fv2%2Fmedia&parent=48"}],"curies":[{"name":"wp","href":"https:\/\/api.w.org\/{rel}","templated":true}]}}